{"id":39,"date":"2025-04-24T18:42:04","date_gmt":"2025-04-24T16:42:04","guid":{"rendered":"https:\/\/rddesigninterieur.wordpress.com\/?page_id=39"},"modified":"2026-03-24T18:21:00","modified_gmt":"2026-03-24T17:21:00","slug":"accueil","status":"publish","type":"page","link":"https:\/\/rd-designinterieur.fr\/","title":{"rendered":"Entrons en R\u00e9sonance."},"content":{"rendered":"\t\t<div data-elementor-type=\"wp-page\" data-elementor-id=\"39\" class=\"elementor elementor-39\">\n\t\t\t\t<div class=\"elementor-element elementor-element-321b39e e-con-full e-flex e-con e-parent\" data-id=\"321b39e\" data-element_type=\"container\" data-e-type=\"container\" data-settings=\"{&quot;background_background&quot;:&quot;classic&quot;}\">\n\t\t<div class=\"elementor-element elementor-element-92b07ed e-con-full e-flex e-con e-child\" data-id=\"92b07ed\" data-element_type=\"container\" data-e-type=\"container\">\n\t\t\t\t<div class=\"elementor-element elementor-element-8f25f7d elementor-widget elementor-widget-heading\" data-id=\"8f25f7d\" data-element_type=\"widget\" data-e-type=\"widget\" data-widget_type=\"heading.default\">\n\t\t\t\t\t<h2 class=\"elementor-heading-title elementor-size-default\">Marre d'h\u00e9siter devant un nuancier ?<\/h2>\t\t\t\t<\/div>\n\t\t\t\t<div class=\"elementor-element elementor-element-96a1354 elementor-widget elementor-widget-text-editor\" data-id=\"96a1354\" data-element_type=\"widget\" data-e-type=\"widget\" data-widget_type=\"text-editor.default\">\n\t\t\t\t\t\t\t\t\t<h4>Je vous aide \u00e0 choisir les bonnes couleurs pour votre int\u00e9rieur, \u00e0 distance et \u00e0 prix doux.<\/h4>\t\t\t\t\t\t\t\t<\/div>\n\t\t\t\t<\/div>\n\t\t\t\t<div class=\"elementor-element elementor-element-ef1d0d2 elementor-widget elementor-widget-button\" data-id=\"ef1d0d2\" data-element_type=\"widget\" data-e-type=\"widget\" data-widget_type=\"button.default\">\n\t\t\t\t\t\t\t\t\t\t<a class=\"elementor-button elementor-button-link elementor-size-sm\" href=\"#\">\n\t\t\t\t\t\t<span class=\"elementor-button-content-wrapper\">\n\t\t\t\t\t\t\t\t\t<span class=\"elementor-button-text\">Je me lance<\/span>\n\t\t\t\t\t<\/span>\n\t\t\t\t\t<\/a>\n\t\t\t\t\t\t\t\t<\/div>\n\t\t\t\t<\/div>\n\t\t<div class=\"elementor-element elementor-element-01ec534 e-flex e-con-boxed e-con e-parent\" data-id=\"01ec534\" data-element_type=\"container\" data-e-type=\"container\">\n\t\t\t\t\t<div class=\"e-con-inner\">\n\t\t\t\t<div class=\"elementor-element elementor-element-c8e2f03 elementor-widget elementor-widget-spacer\" data-id=\"c8e2f03\" data-element_type=\"widget\" data-e-type=\"widget\" data-widget_type=\"spacer.default\">\n\t\t\t\t\t\t\t<div class=\"elementor-spacer\">\n\t\t\t<div class=\"elementor-spacer-inner\"><\/div>\n\t\t<\/div>\n\t\t\t\t\t\t<\/div>\n\t\t\t\t\t<\/div>\n\t\t\t\t<\/div>\n\t\t<div class=\"elementor-element elementor-element-96dfa46 e-flex e-con-boxed e-con e-parent\" data-id=\"96dfa46\" data-element_type=\"container\" data-e-type=\"container\">\n\t\t\t\t\t<div class=\"e-con-inner\">\n\t\t<div class=\"elementor-element elementor-element-375a39f e-con-full e-flex e-con e-child\" data-id=\"375a39f\" data-element_type=\"container\" data-e-type=\"container\" data-settings=\"{&quot;background_background&quot;:&quot;classic&quot;}\">\n\t\t\t\t<\/div>\n\t\t<div class=\"elementor-element elementor-element-d9390b9 e-con-full e-flex e-con e-child\" data-id=\"d9390b9\" data-element_type=\"container\" data-e-type=\"container\">\n\t\t<div class=\"elementor-element elementor-element-9b9cdaa e-flex e-con-boxed e-con e-child\" data-id=\"9b9cdaa\" data-element_type=\"container\" data-e-type=\"container\">\n\t\t\t\t\t<div class=\"e-con-inner\">\n\t\t\t\t<div class=\"elementor-element elementor-element-5f26738 elementor-widget elementor-widget-heading\" data-id=\"5f26738\" data-element_type=\"widget\" data-e-type=\"widget\" data-widget_type=\"heading.default\">\n\t\t\t\t\t<h3 class=\"elementor-heading-title elementor-size-default\">Ma vision du design d'int\u00e9rieur<\/h3>\t\t\t\t<\/div>\n\t\t\t\t<div class=\"elementor-element elementor-element-5e4bd22 elementor-widget__width-inherit elementor-widget elementor-widget-text-editor\" data-id=\"5e4bd22\" data-element_type=\"widget\" data-e-type=\"widget\" data-widget_type=\"text-editor.default\">\n\t\t\t\t\t\t\t\t\t<p>Au-del\u00e0 des couleurs et des mati\u00e8res, mon approche consiste \u00e0 r\u00e9v\u00e9ler qui vous \u00eates \u00e0 travers votre espace de vie. Gr\u00e2ce \u00e0 une \u00e9coute attentive et une vision intuitive, je vous aide \u00e0 faire les bons choix pour cr\u00e9er un lieu harmonieux et align\u00e9 avec vous.<\/p><p>Derri\u00e8re R\u00e9sonance D\u00e9co, il y a moi, Logan : passionn\u00e9e d\u2019int\u00e9rieurs, profond\u00e9ment attach\u00e9e \u00e0 comprendre ce qui vous fait vous sentir bien chez vous. Mon r\u00f4le n\u2019est pas seulement de d\u00e9corer, mais de vous accompagner avec justesse et sensibilit\u00e9, pour d\u00e9voiler l&rsquo;int\u00e9rieur qui vous ressemble vraiment.<\/p>\t\t\t\t\t\t\t\t<\/div>\n\t\t\t\t<div class=\"elementor-element elementor-element-2f2c123 elementor-align-center elementor-widget elementor-widget-button\" data-id=\"2f2c123\" data-element_type=\"widget\" data-e-type=\"widget\" data-widget_type=\"button.default\">\n\t\t\t\t\t\t\t\t\t\t<a class=\"elementor-button elementor-button-link elementor-size-sm\" href=\"\">\n\t\t\t\t\t\t<span class=\"elementor-button-content-wrapper\">\n\t\t\t\t\t\t\t\t\t<span class=\"elementor-button-text\">Voir mes prestations<\/span>\n\t\t\t\t\t<\/span>\n\t\t\t\t\t<\/a>\n\t\t\t\t\t\t\t\t<\/div>\n\t\t\t\t\t<\/div>\n\t\t\t\t<\/div>\n\t\t\t\t<\/div>\n\t\t\t\t\t<\/div>\n\t\t\t\t<\/div>\n\t\t<div class=\"elementor-element elementor-element-f40d8a7 e-flex e-con-boxed e-con e-parent\" data-id=\"f40d8a7\" data-element_type=\"container\" data-e-type=\"container\">\n\t\t\t\t\t<div class=\"e-con-inner\">\n\t\t\t\t<div class=\"elementor-element elementor-element-87c4b8d elementor-widget elementor-widget-spacer\" data-id=\"87c4b8d\" data-element_type=\"widget\" data-e-type=\"widget\" data-widget_type=\"spacer.default\">\n\t\t\t\t\t\t\t<div class=\"elementor-spacer\">\n\t\t\t<div class=\"elementor-spacer-inner\"><\/div>\n\t\t<\/div>\n\t\t\t\t\t\t<\/div>\n\t\t\t\t\t<\/div>\n\t\t\t\t<\/div>\n\t\t<div class=\"elementor-element elementor-element-1900002 e-con-full e-flex e-con e-parent\" data-id=\"1900002\" data-element_type=\"container\" data-e-type=\"container\" data-settings=\"{&quot;background_background&quot;:&quot;classic&quot;}\">\n\t\t<div class=\"elementor-element elementor-element-7d98ab6 e-con-full e-flex e-con e-child\" data-id=\"7d98ab6\" data-element_type=\"container\" data-e-type=\"container\" data-settings=\"{&quot;background_background&quot;:&quot;gradient&quot;,&quot;position&quot;:&quot;absolute&quot;}\">\n\t\t\t\t<div class=\"elementor-element elementor-element-6246956 elementor-widget elementor-widget-heading\" data-id=\"6246956\" data-element_type=\"widget\" data-e-type=\"widget\" data-widget_type=\"heading.default\">\n\t\t\t\t\t<h2 class=\"elementor-heading-title elementor-size-default\">\"<\/h2>\t\t\t\t<\/div>\n\t\t\t\t<\/div>\n\t\t<div class=\"elementor-element elementor-element-e4dc152 e-con-full e-flex e-con e-child\" data-id=\"e4dc152\" data-element_type=\"container\" data-e-type=\"container\">\n\t\t\t\t<div class=\"elementor-element elementor-element-f6b39cf elementor-widget elementor-widget-heading\" data-id=\"f6b39cf\" data-element_type=\"widget\" data-e-type=\"widget\" data-widget_type=\"heading.default\">\n\t\t\t\t\t<h2 class=\"elementor-heading-title elementor-size-default\">Votre int\u00e9rieur est d\u00e9j\u00e0 en vous, je vous aide \u00e0 le r\u00e9v\u00e9ler.<\/h2>\t\t\t\t<\/div>\n\t\t\t\t<\/div>\n\t\t\t\t<\/div>\n\t\t<div class=\"elementor-element elementor-element-85773cf e-flex e-con-boxed e-con e-parent\" data-id=\"85773cf\" data-element_type=\"container\" data-e-type=\"container\">\n\t\t\t\t\t<div class=\"e-con-inner\">\n\t\t\t\t<div class=\"elementor-element elementor-element-cb7e795 elementor-widget elementor-widget-spacer\" data-id=\"cb7e795\" data-element_type=\"widget\" data-e-type=\"widget\" data-widget_type=\"spacer.default\">\n\t\t\t\t\t\t\t<div class=\"elementor-spacer\">\n\t\t\t<div class=\"elementor-spacer-inner\"><\/div>\n\t\t<\/div>\n\t\t\t\t\t\t<\/div>\n\t\t\t\t\t<\/div>\n\t\t\t\t<\/div>\n\t\t<div class=\"elementor-element elementor-element-ce6f44f e-flex e-con-boxed e-con e-parent\" data-id=\"ce6f44f\" data-element_type=\"container\" data-e-type=\"container\">\n\t\t\t\t\t<div class=\"e-con-inner\">\n\t\t<div class=\"elementor-element elementor-element-325f7cd e-con-full e-flex e-con e-child\" data-id=\"325f7cd\" data-element_type=\"container\" data-e-type=\"container\" data-settings=\"{&quot;background_background&quot;:&quot;gradient&quot;,&quot;position&quot;:&quot;absolute&quot;}\">\n\t\t\t\t<\/div>\n\t\t<div class=\"elementor-element elementor-element-1ea666a e-con-full e-flex e-con e-child\" data-id=\"1ea666a\" data-element_type=\"container\" data-e-type=\"container\" data-settings=\"{&quot;background_background&quot;:&quot;classic&quot;}\">\n\t\t\t\t<\/div>\n\t\t<div class=\"elementor-element elementor-element-d0b7d7e e-con-full e-flex e-con e-child\" data-id=\"d0b7d7e\" data-element_type=\"container\" data-e-type=\"container\" id=\"overflow: hidden;\" data-settings=\"{&quot;background_background&quot;:&quot;classic&quot;}\">\n\t\t<div class=\"elementor-element elementor-element-2afe261 e-con-full e-flex e-con e-child\" data-id=\"2afe261\" data-element_type=\"container\" data-e-type=\"container\">\n\t\t\t\t<div class=\"elementor-element elementor-element-bcdb494 elementor-widget elementor-widget-spacer\" data-id=\"bcdb494\" data-element_type=\"widget\" data-e-type=\"widget\" data-widget_type=\"spacer.default\">\n\t\t\t\t\t\t\t<div class=\"elementor-spacer\">\n\t\t\t<div class=\"elementor-spacer-inner\"><\/div>\n\t\t<\/div>\n\t\t\t\t\t\t<\/div>\n\t\t\t\t<div class=\"elementor-element elementor-element-2bad2c0 elementor-widget elementor-widget-text-editor\" data-id=\"2bad2c0\" data-element_type=\"widget\" data-e-type=\"widget\" data-widget_type=\"text-editor.default\">\n\t\t\t\t\t\t\t\t\t<h3>Donnez vie \u00e0 vos projets sur mesure\u00a0<\/h3><p>je vous accompagne pour cr\u00e9er<\/p><p>le mobilier dont vous avez besoin.<\/p>\t\t\t\t\t\t\t\t<\/div>\n\t\t\t\t<div class=\"elementor-element elementor-element-d67d445 elementor-align-center elementor-widget elementor-widget-button\" data-id=\"d67d445\" data-element_type=\"widget\" data-e-type=\"widget\" data-widget_type=\"button.default\">\n\t\t\t\t\t\t\t\t\t\t<a class=\"elementor-button elementor-button-link elementor-size-sm\" href=\"\">\n\t\t\t\t\t\t<span class=\"elementor-button-content-wrapper\">\n\t\t\t\t\t\t\t\t\t<span class=\"elementor-button-text\">Entrons en contact<\/span>\n\t\t\t\t\t<\/span>\n\t\t\t\t\t<\/a>\n\t\t\t\t\t\t\t\t<\/div>\n\t\t\t\t<\/div>\n\t\t\t\t<\/div>\n\t\t\t\t\t<\/div>\n\t\t\t\t<\/div>\n\t\t<div class=\"elementor-element elementor-element-cb305e8 e-flex e-con-boxed e-con e-parent\" data-id=\"cb305e8\" data-element_type=\"container\" data-e-type=\"container\">\n\t\t\t\t\t<div class=\"e-con-inner\">\n\t\t\t\t<div class=\"elementor-element elementor-element-4c40133 elementor-widget elementor-widget-spacer\" data-id=\"4c40133\" data-element_type=\"widget\" data-e-type=\"widget\" data-widget_type=\"spacer.default\">\n\t\t\t\t\t\t\t<div class=\"elementor-spacer\">\n\t\t\t<div class=\"elementor-spacer-inner\"><\/div>\n\t\t<\/div>\n\t\t\t\t\t\t<\/div>\n\t\t\t\t\t<\/div>\n\t\t\t\t<\/div>\n\t\t<div class=\"elementor-element elementor-element-fb4d14d e-flex e-con-boxed e-con e-parent\" data-id=\"fb4d14d\" data-element_type=\"container\" data-e-type=\"container\">\n\t\t\t\t\t<div class=\"e-con-inner\">\n\t\t<div class=\"elementor-element elementor-element-f7c7a1e e-con-full e-flex e-con e-child\" data-id=\"f7c7a1e\" data-element_type=\"container\" data-e-type=\"container\" data-settings=\"{&quot;background_background&quot;:&quot;gradient&quot;,&quot;position&quot;:&quot;absolute&quot;}\">\n\t\t\t\t<\/div>\n\t\t<div class=\"elementor-element elementor-element-ab4e219 e-con-full e-flex e-con e-child\" data-id=\"ab4e219\" data-element_type=\"container\" data-e-type=\"container\" data-settings=\"{&quot;background_background&quot;:&quot;classic&quot;}\">\n\t\t\t\t<\/div>\n\t\t<div class=\"elementor-element elementor-element-8319d2e e-con-full e-flex e-con e-child\" data-id=\"8319d2e\" data-element_type=\"container\" data-e-type=\"container\" data-settings=\"{&quot;background_background&quot;:&quot;classic&quot;}\">\n\t\t<div class=\"elementor-element elementor-element-12459a6 e-con-full e-flex e-con e-child\" data-id=\"12459a6\" data-element_type=\"container\" data-e-type=\"container\">\n\t\t\t\t<div class=\"elementor-element elementor-element-160ed34 elementor-widget elementor-widget-spacer\" data-id=\"160ed34\" data-element_type=\"widget\" data-e-type=\"widget\" data-widget_type=\"spacer.default\">\n\t\t\t\t\t\t\t<div class=\"elementor-spacer\">\n\t\t\t<div class=\"elementor-spacer-inner\"><\/div>\n\t\t<\/div>\n\t\t\t\t\t\t<\/div>\n\t\t\t\t<div class=\"elementor-element elementor-element-3ace834 elementor-widget elementor-widget-text-editor\" data-id=\"3ace834\" data-element_type=\"widget\" data-e-type=\"widget\" data-widget_type=\"text-editor.default\">\n\t\t\t\t\t\t\t\t\t<h3>Donnez vie \u00e0 vos projets sur mesure\u00a0<\/h3><p>je vous accompagne pour cr\u00e9er<\/p><p>le mobilier dont vous avez besoin.<\/p>\t\t\t\t\t\t\t\t<\/div>\n\t\t\t\t<div class=\"elementor-element elementor-element-85eef7c elementor-align-center elementor-widget elementor-widget-button\" data-id=\"85eef7c\" data-element_type=\"widget\" data-e-type=\"widget\" data-widget_type=\"button.default\">\n\t\t\t\t\t\t\t\t\t\t<a class=\"elementor-button elementor-button-link elementor-size-sm\" href=\"\">\n\t\t\t\t\t\t<span class=\"elementor-button-content-wrapper\">\n\t\t\t\t\t\t\t\t\t<span class=\"elementor-button-text\">Entrons en contact<\/span>\n\t\t\t\t\t<\/span>\n\t\t\t\t\t<\/a>\n\t\t\t\t\t\t\t\t<\/div>\n\t\t\t\t<\/div>\n\t\t\t\t<\/div>\n\t\t\t\t\t<\/div>\n\t\t\t\t<\/div>\n\t\t<div class=\"elementor-element elementor-element-c2010ba e-flex e-con-boxed e-con e-parent\" data-id=\"c2010ba\" data-element_type=\"container\" data-e-type=\"container\">\n\t\t\t\t\t<div class=\"e-con-inner\">\n\t\t\t\t<div class=\"elementor-element elementor-element-f99a0e1 elementor-widget elementor-widget-spacer\" data-id=\"f99a0e1\" data-element_type=\"widget\" data-e-type=\"widget\" data-widget_type=\"spacer.default\">\n\t\t\t\t\t\t\t<div class=\"elementor-spacer\">\n\t\t\t<div class=\"elementor-spacer-inner\"><\/div>\n\t\t<\/div>\n\t\t\t\t\t\t<\/div>\n\t\t\t\t\t<\/div>\n\t\t\t\t<\/div>\n\t\t<div class=\"elementor-element elementor-element-3ca57a1 e-con-full e-flex e-con e-parent\" data-id=\"3ca57a1\" data-element_type=\"container\" data-e-type=\"container\" data-settings=\"{&quot;background_background&quot;:&quot;classic&quot;}\">\n\t\t<div class=\"elementor-element elementor-element-2656472 e-con-full e-flex e-con e-child\" data-id=\"2656472\" data-element_type=\"container\" data-e-type=\"container\">\n\t\t\t\t<div class=\"elementor-element elementor-element-0bdaa09 elementor-widget elementor-widget-heading\" data-id=\"0bdaa09\" data-element_type=\"widget\" data-e-type=\"widget\" data-widget_type=\"heading.default\">\n\t\t\t\t\t<h3 class=\"elementor-heading-title elementor-size-default\">Un nouveau d\u00e9part, quelques ajustements ou un besoin sp\u00e9cifique\u2026\n<\/h3>\t\t\t\t<\/div>\n\t\t\t\t<div class=\"elementor-element elementor-element-5bc499b elementor-widget elementor-widget-heading\" data-id=\"5bc499b\" data-element_type=\"widget\" data-e-type=\"widget\" data-widget_type=\"heading.default\">\n\t\t\t\t\t<h2 class=\"elementor-heading-title elementor-size-default\">\nEt si on imaginait ensemble un int\u00e9rieur qui r\u00e9sonne avec vos envies ?<\/h2>\t\t\t\t<\/div>\n\t\t\t\t<\/div>\n\t\t\t\t<\/div>\n\t\t\t\t<\/div>\n\t\t","protected":false},"excerpt":{"rendered":"<p>Marre d&rsquo;h\u00e9siter devant un nuancier ? Je vous aide \u00e0 choisir les bonnes couleurs pour votre int\u00e9rieur, \u00e0 distance et \u00e0 prix doux. Je me lance Ma vision du design d&rsquo;int\u00e9rieur Au-del\u00e0 des couleurs et des mati\u00e8res, mon approche consiste \u00e0 r\u00e9v\u00e9ler qui vous \u00eates \u00e0 travers votre espace de vie. Gr\u00e2ce \u00e0 une \u00e9coute&hellip; <a class=\"more-link\" href=\"https:\/\/rd-designinterieur.fr\/\">Poursuivre la lecture <span class=\"screen-reader-text\">Entrons en R\u00e9sonance.<\/span><\/a><\/p>\n","protected":false},"author":1,"featured_media":0,"parent":0,"menu_order":1,"comment_status":"closed","ping_status":"closed","template":"elementor_header_footer","meta":{"footnotes":""},"class_list":["post-39","page","type-page","status-publish","hentry","entry"],"_links":{"self":[{"href":"https:\/\/rd-designinterieur.fr\/index.php\/wp-json\/wp\/v2\/pages\/39","targetHints":{"allow":["GET"]}}],"collection":[{"href":"https:\/\/rd-designinterieur.fr\/index.php\/wp-json\/wp\/v2\/pages"}],"about":[{"href":"https:\/\/rd-designinterieur.fr\/index.php\/wp-json\/wp\/v2\/types\/page"}],"author":[{"embeddable":true,"href":"https:\/\/rd-designinterieur.fr\/index.php\/wp-json\/wp\/v2\/users\/1"}],"replies":[{"embeddable":true,"href":"https:\/\/rd-designinterieur.fr\/index.php\/wp-json\/wp\/v2\/comments?post=39"}],"version-history":[{"count":775,"href":"https:\/\/rd-designinterieur.fr\/index.php\/wp-json\/wp\/v2\/pages\/39\/revisions"}],"predecessor-version":[{"id":1376,"href":"https:\/\/rd-designinterieur.fr\/index.php\/wp-json\/wp\/v2\/pages\/39\/revisions\/1376"}],"wp:attachment":[{"href":"https:\/\/rd-designinterieur.fr\/index.php\/wp-json\/wp\/v2\/media?parent=39"}],"curies":[{"name":"wp","href":"https:\/\/api.w.org\/{rel}","templated":true}]}}