{"id":318,"date":"2025-09-10T16:40:42","date_gmt":"2025-09-10T14:40:42","guid":{"rendered":"https:\/\/rd-designinterieur.fr\/?page_id=318"},"modified":"2026-03-03T14:34:14","modified_gmt":"2026-03-03T13:34:14","slug":"prestations","status":"publish","type":"page","link":"https:\/\/rd-designinterieur.fr\/index.php\/prestations\/","title":{"rendered":"Prestations"},"content":{"rendered":"\n<div class=\"wp-block-group is-nowrap is-layout-flex wp-container-core-group-is-layout-ad2f72ca wp-block-group-is-layout-flex\">\n<figure class=\"wp-block-image size-large\"><img fetchpriority=\"high\" decoding=\"async\" width=\"1024\" height=\"672\" src=\"https:\/\/rd-designinterieur.fr\/wp-content\/uploads\/2026\/03\/1000018831-1024x672.jpg\" alt=\"\" class=\"wp-image-549\" style=\"aspect-ratio:1;object-fit:cover\" srcset=\"https:\/\/rd-designinterieur.fr\/wp-content\/uploads\/2026\/03\/1000018831-1024x672.jpg 1024w, https:\/\/rd-designinterieur.fr\/wp-content\/uploads\/2026\/03\/1000018831-300x197.jpg 300w, https:\/\/rd-designinterieur.fr\/wp-content\/uploads\/2026\/03\/1000018831-768x504.jpg 768w, https:\/\/rd-designinterieur.fr\/wp-content\/uploads\/2026\/03\/1000018831-1536x1009.jpg 1536w, https:\/\/rd-designinterieur.fr\/wp-content\/uploads\/2026\/03\/1000018831-1568x1030.jpg 1568w, https:\/\/rd-designinterieur.fr\/wp-content\/uploads\/2026\/03\/1000018831.jpg 1611w\" sizes=\"(max-width: 1024px) 100vw, 1024px\" \/><\/figure>\n\n\n\n<h2 class=\"wp-block-heading\">Transformation totale<\/h2>\n<\/div>\n\n\n\n<div class=\"wp-block-group is-nowrap is-layout-flex wp-container-core-group-is-layout-ad2f72ca wp-block-group-is-layout-flex\">\n<h2 class=\"wp-block-heading\">Redonner du sens \u00e0 l&rsquo;espace<\/h2>\n\n\n\n<figure class=\"wp-block-image size-large\"><img decoding=\"async\" width=\"1021\" height=\"1024\" src=\"https:\/\/rd-designinterieur.fr\/wp-content\/uploads\/2026\/03\/1000018834-1021x1024.jpg\" alt=\"\" class=\"wp-image-552\" srcset=\"https:\/\/rd-designinterieur.fr\/wp-content\/uploads\/2026\/03\/1000018834-1021x1024.jpg 1021w, https:\/\/rd-designinterieur.fr\/wp-content\/uploads\/2026\/03\/1000018834-300x300.jpg 300w, https:\/\/rd-designinterieur.fr\/wp-content\/uploads\/2026\/03\/1000018834-150x150.jpg 150w, https:\/\/rd-designinterieur.fr\/wp-content\/uploads\/2026\/03\/1000018834-768x770.jpg 768w, https:\/\/rd-designinterieur.fr\/wp-content\/uploads\/2026\/03\/1000018834.jpg 1059w\" sizes=\"(max-width: 1021px) 100vw, 1021px\" \/><\/figure>\n<\/div>\n\n\n\n<div class=\"wp-block-group is-nowrap is-layout-flex wp-container-core-group-is-layout-ad2f72ca wp-block-group-is-layout-flex\">\n<figure class=\"wp-block-image size-full\"><img decoding=\"async\" width=\"926\" height=\"1004\" src=\"https:\/\/rd-designinterieur.fr\/wp-content\/uploads\/2026\/03\/1000018828.jpg\" alt=\"\" class=\"wp-image-546\" srcset=\"https:\/\/rd-designinterieur.fr\/wp-content\/uploads\/2026\/03\/1000018828.jpg 926w, https:\/\/rd-designinterieur.fr\/wp-content\/uploads\/2026\/03\/1000018828-277x300.jpg 277w, https:\/\/rd-designinterieur.fr\/wp-content\/uploads\/2026\/03\/1000018828-768x833.jpg 768w\" sizes=\"(max-width: 926px) 100vw, 926px\" \/><\/figure>\n\n\n\n<h2 class=\"wp-block-heading\">Sur mesure, tout simplement<\/h2>\n<\/div>\n\n\n\n<div class=\"wp-block-group is-nowrap is-layout-flex wp-container-core-group-is-layout-ad2f72ca wp-block-group-is-layout-flex\">\n<h2 class=\"wp-block-heading\">D\u00e9couvrir son int\u00e9rieur autrement<\/h2>\n\n\n\n<figure class=\"wp-block-image size-large\"><img loading=\"lazy\" decoding=\"async\" width=\"1024\" height=\"690\" src=\"https:\/\/rd-designinterieur.fr\/wp-content\/uploads\/2026\/03\/1000018769-1024x690.jpg\" alt=\"\" class=\"wp-image-540\" style=\"aspect-ratio:1;object-fit:cover\" srcset=\"https:\/\/rd-designinterieur.fr\/wp-content\/uploads\/2026\/03\/1000018769-1024x690.jpg 1024w, https:\/\/rd-designinterieur.fr\/wp-content\/uploads\/2026\/03\/1000018769-300x202.jpg 300w, https:\/\/rd-designinterieur.fr\/wp-content\/uploads\/2026\/03\/1000018769-768x518.jpg 768w, https:\/\/rd-designinterieur.fr\/wp-content\/uploads\/2026\/03\/1000018769.jpg 1473w\" sizes=\"(max-width: 1024px) 100vw, 1024px\" \/><\/figure>\n<\/div>\n\n\n\n<p><\/p>\n","protected":false},"excerpt":{"rendered":"<p>Transformation totale Redonner du sens \u00e0 l&rsquo;espace Sur mesure, tout simplement D\u00e9couvrir son int\u00e9rieur autrement<\/p>\n","protected":false},"author":1,"featured_media":0,"parent":0,"menu_order":0,"comment_status":"closed","ping_status":"closed","template":"","meta":{"footnotes":""},"class_list":["post-318","page","type-page","status-publish","hentry","entry"],"_links":{"self":[{"href":"https:\/\/rd-designinterieur.fr\/index.php\/wp-json\/wp\/v2\/pages\/318","targetHints":{"allow":["GET"]}}],"collection":[{"href":"https:\/\/rd-designinterieur.fr\/index.php\/wp-json\/wp\/v2\/pages"}],"about":[{"href":"https:\/\/rd-designinterieur.fr\/index.php\/wp-json\/wp\/v2\/types\/page"}],"author":[{"embeddable":true,"href":"https:\/\/rd-designinterieur.fr\/index.php\/wp-json\/wp\/v2\/users\/1"}],"replies":[{"embeddable":true,"href":"https:\/\/rd-designinterieur.fr\/index.php\/wp-json\/wp\/v2\/comments?post=318"}],"version-history":[{"count":14,"href":"https:\/\/rd-designinterieur.fr\/index.php\/wp-json\/wp\/v2\/pages\/318\/revisions"}],"predecessor-version":[{"id":572,"href":"https:\/\/rd-designinterieur.fr\/index.php\/wp-json\/wp\/v2\/pages\/318\/revisions\/572"}],"wp:attachment":[{"href":"https:\/\/rd-designinterieur.fr\/index.php\/wp-json\/wp\/v2\/media?parent=318"}],"curies":[{"name":"wp","href":"https:\/\/api.w.org\/{rel}","templated":true}]}}